{"id":424,"date":"2017-12-07T09:10:35","date_gmt":"2017-12-07T11:10:35","guid":{"rendered":"https:\/\/agenciamarketingdigital.net.br\/ecommerce\/?page_id=424"},"modified":"2018-01-17T10:24:25","modified_gmt":"2018-01-17T12:24:25","slug":"o-passo-a-passo-da-sua-campanha-nos-links-patrocinados-adwords","status":"publish","type":"page","link":"https:\/\/agenciamarketingdigital.net.br\/ecommerce\/o-passo-a-passo-da-sua-campanha-nos-links-patrocinados-adwords\/","title":{"rendered":"O Passo \u00e1 Passo da sua campanha Google Adwords"},"content":{"rendered":"<div class=\"jumbotron\">\n<div class=\"container\">\n<div class=\"row\">\n<div class=\"col-xs-12 col-md-2\"><img loading=\"lazy\" decoding=\"async\" class=\"alignnone size-full wp-image-447\" src=\"https:\/\/agenciamarketingdigital.net.br\/ecommerce\/wp-content\/uploads\/2017\/12\/nicho-mercado-1.png\" alt=\"\" width=\"150\" height=\"151\" \/><\/div>\n<div class=\"col-xs-12 col-md-10\">\n<h2>Nicho de Mercado<\/h2>\n<h4><strong>Analise do seu nicho de mercado<\/strong>, checar como a sua concorr\u00eancia se comporta e como atrav\u00e9s dos Links Patrocinados atingir a meta de aumentar os seus resultados com venda direta.<\/h4>\n<\/div>\n<\/div>\n<p><!-- \/.row --><\/p>\n<hr \/>\n<div class=\"row\">\n<div class=\"col-xs-12 col-md-2\"><img loading=\"lazy\" decoding=\"async\" class=\"alignnone size-full wp-image-452\" src=\"https:\/\/agenciamarketingdigital.net.br\/ecommerce\/wp-content\/uploads\/2017\/12\/conta-adwords.png\" alt=\"\" width=\"128\" height=\"128\" \/><\/div>\n<div class=\"col-xs-12 col-md-10\">\n<h2>Conta<\/h2>\n<h4><strong>Personalizar a sua conta<\/strong>, inserindo a sua localiza\u00e7\u00e3o, hor\u00e1rios de exibi\u00e7\u00e3o, dias que seu an\u00fancio ficar\u00e1 online, tudo isso pensando em deixar a sua campanha com o melhor resultado poss\u00edvel.<\/h4>\n<\/div>\n<\/div>\n<p><!-- \/.row --><\/p>\n<hr \/>\n<div class=\"row\">\n<div class=\"col-xs-12 col-md-2\"><img loading=\"lazy\" decoding=\"async\" class=\"alignnone size-full wp-image-450\" src=\"https:\/\/agenciamarketingdigital.net.br\/ecommerce\/wp-content\/uploads\/2017\/12\/campanhas-adwords.png\" alt=\"\" width=\"128\" height=\"128\" \/><\/div>\n<div class=\"col-xs-12 col-md-10\">\n<h2>Campanhas<\/h2>\n<h4><strong>Abertura de campanha,<\/strong> a ferramenta para gerenciamento dos links patrocinados \u00e9 o Google Adwords, ent\u00e3o o primeiro passo \u00e9 criar a sua conta para iniciar o trabalho, com isso efetuar todas as configura\u00e7\u00f5es b\u00e1sicas de conta e campanha.<\/h4>\n<\/div>\n<\/div>\n<p><!-- \/.row --><\/p>\n<hr \/>\n<div class=\"row\">\n<div class=\"col-xs-12 col-md-2\"><img loading=\"lazy\" decoding=\"async\" class=\"alignnone size-full wp-image-455\" src=\"https:\/\/agenciamarketingdigital.net.br\/ecommerce\/wp-content\/uploads\/2017\/12\/ic-reducao-custo.png\" alt=\"\" width=\"140\" height=\"139\" \/><\/div>\n<div class=\"col-xs-12 col-md-10\">\n<h2>Leil\u00e3o<\/h2>\n<h4>Analise no <strong>investimento<\/strong> individual de cada palavra chave, tentando sempre manter seus valores de clique o mais baixo poss\u00edvel, pois o foco \u00e9 deixar a sua campanha nos links patrocinados com o melhor resultado sempre diminuindo o custo por clique no seu investimento di\u00e1rio.<\/h4>\n<\/div>\n<\/div>\n<p><!-- \/.row --><\/p>\n<hr \/>\n<div class=\"row\">\n<div class=\"col-xs-12 col-md-2\"><img loading=\"lazy\" decoding=\"async\" class=\"alignnone size-full wp-image-457\" src=\"https:\/\/agenciamarketingdigital.net.br\/ecommerce\/wp-content\/uploads\/2017\/12\/grupo-anuncios.png\" alt=\"\" width=\"128\" height=\"128\" \/><\/div>\n<div class=\"col-xs-12 col-md-10\">\n<h2>Grupo de An\u00fancios<\/h2>\n<h4>Cria\u00e7\u00e3o dos seus <strong>grupos de an\u00fancio<\/strong>, sendo assim trabalhar os textos individualmente, sua campanha tem que ter um grupo de an\u00fancio para cada palavra chave, aqui trabalhamos com detalhes.<\/h4>\n<\/div>\n<\/div>\n<p><!-- \/.row --><\/p>\n<hr \/>\n<div class=\"row\">\n<div class=\"col-xs-12 col-md-2\"><img loading=\"lazy\" decoding=\"async\" class=\"alignnone size-full wp-image-459\" src=\"https:\/\/agenciamarketingdigital.net.br\/ecommerce\/wp-content\/uploads\/2017\/12\/pagina-destino.png\" alt=\"\" width=\"236\" height=\"231\" \/><\/div>\n<div class=\"col-xs-12 col-md-10\">\n<h2>Landing Pages<\/h2>\n<h4><strong>P\u00e1ginas de destino<\/strong> s\u00e3o muito importantes nos links patrocinados, \u00e9 primordial levar seu usu\u00e1rio para o assunto abordado, sem delongas, o conte\u00fado mostrado com rapidez, far\u00e1 com que seu resultado seja mais positivo.<\/h4>\n<\/div>\n<\/div>\n<p><!-- \/.row --><\/p>\n<hr \/>\n<div class=\"row\">\n<div class=\"col-xs-12 col-md-2\"><img loading=\"lazy\" decoding=\"async\" class=\"alignnone size-full wp-image-462\" src=\"https:\/\/agenciamarketingdigital.net.br\/ecommerce\/wp-content\/uploads\/2017\/12\/codigo-conversao.png\" alt=\"\" width=\"152\" height=\"152\" srcset=\"https:\/\/agenciamarketingdigital.net.br\/ecommerce\/wp-content\/uploads\/2017\/12\/codigo-conversao.png 152w, https:\/\/agenciamarketingdigital.net.br\/ecommerce\/wp-content\/uploads\/2017\/12\/codigo-conversao-150x150.png 150w\" sizes=\"auto, (max-width: 152px) 100vw, 152px\" \/><\/div>\n<div class=\"col-xs-12 col-md-10\">\n<h2>C\u00f3digos de convers\u00e3o<\/h2>\n<h4>S\u00e3o importantes para a medi\u00e7\u00e3o do resultado da sua campanha, s\u00f3 com ele \u00e9 poss\u00edvel analisar o quanto o seu investimento \u00e9 convertido em or\u00e7amentos e compras efetivas, \u00e9 necess\u00e1rio inserir o c\u00f3digo e mensurar o resultado dos links patrocinados para a sua empresa.<\/h4>\n<\/div>\n<\/div>\n<p><!-- \/.row --><\/p>\n<hr \/>\n<div class=\"row\">\n<div class=\"col-xs-12 col-md-2\"><img loading=\"lazy\" decoding=\"async\" class=\"alignnone size-full wp-image-464\" src=\"https:\/\/agenciamarketingdigital.net.br\/ecommerce\/wp-content\/uploads\/2017\/12\/relatorio-adwords.png\" alt=\"\" width=\"128\" height=\"128\" \/><\/div>\n<div class=\"col-xs-12 col-md-10\">\n<h2>Relat\u00f3rios<\/h2>\n<h4><strong>Relat\u00f3rios de posicionamento<\/strong>, \u00e9 importante trabalhar sempre com o foco em resultados, e isso est\u00e1 altamente vinculado ao posicionamento da sua campanha no Google Adwords, periodicamente, ser\u00e1 enviao relat\u00f3rios que mostraram de forma simples e precisa, qual \u00e9 a sua m\u00e9dia de posicionamento nos links patrocinados.<\/h4>\n<\/div>\n<\/div>\n<p><!-- \/.row --><\/p>\n<hr \/>\n<div class=\"row\">\n<div class=\"col-xs-12 col-md-2\"><img loading=\"lazy\" decoding=\"async\" class=\"alignnone size-full wp-image-466\" src=\"https:\/\/agenciamarketingdigital.net.br\/ecommerce\/wp-content\/uploads\/2017\/12\/palavra-chave.png\" alt=\"\" width=\"128\" height=\"128\" \/><\/div>\n<div class=\"col-xs-12 col-md-10\">\n<h2>Atendimento<\/h2>\n<h4><strong>An\u00e1lise completa<\/strong> e atendimento personalizado, todos os fatores da sua campanha ser\u00e3o analisados, com conhecimento e profissionalismo, al\u00e9m da certifica\u00e7\u00e3o Google Partner o compromisso de transpar\u00eancia em todo o processo de gerenciamento das a\u00e7\u00f5es no Adwords.<\/h4>\n<\/div>\n<\/div>\n<p><!-- \/.row --><\/p>\n<\/div>\n<\/div>\n<div class=\"row\">\n<div class=\"col-xs-12 col-md-6\">\n<h3>Solicite um Or\u00e7amento para gerenciamento de suas campanhas Google Adwords ou entre em contato atrav\u00e9s do <img decoding=\"async\" src=\"https:\/\/agenciamarketingdigital.net.br\/ecommerce\/images\/whatsapp.png\"\/> (11) 98319-9056:<\/h3>\n<p><img loading=\"lazy\" decoding=\"async\" class=\"alignnone size-full wp-image-432\" src=\"https:\/\/agenciamarketingdigital.net.br\/ecommerce\/wp-content\/uploads\/2017\/12\/google-partnres.jpg\" alt=\"\" width=\"522\" height=\"321\" srcset=\"https:\/\/agenciamarketingdigital.net.br\/ecommerce\/wp-content\/uploads\/2017\/12\/google-partnres.jpg 522w, https:\/\/agenciamarketingdigital.net.br\/ecommerce\/wp-content\/uploads\/2017\/12\/google-partnres-300x184.jpg 300w\" sizes=\"auto, (max-width: 522px) 100vw, 522px\" \/><\/p>\n<\/div>\n<div class=\"col-xs-12 col-md-6\">\n<div class=\"well\">\n<div class=\"wpcf7 no-js\" id=\"wpcf7-f82-o1\" lang=\"pt-BR\" dir=\"ltr\">\n<div class=\"screen-reader-response\"><p role=\"status\" aria-live=\"polite\" aria-atomic=\"true\"><\/p> <ul><\/ul><\/div>\n<form action=\"\/ecommerce\/wp-json\/wp\/v2\/pages\/424#wpcf7-f82-o1\" method=\"post\" class=\"wpcf7-form init\" aria-label=\"Formul\u00e1rios de contato\" novalidate=\"novalidate\" data-status=\"init\">\n<div style=\"display: none;\">\n<input type=\"hidden\" name=\"_wpcf7\" value=\"82\" \/>\n<input type=\"hidden\" name=\"_wpcf7_version\" value=\"5.9.5\" \/>\n<input type=\"hidden\" name=\"_wpcf7_locale\" value=\"pt_BR\" \/>\n<input type=\"hidden\" name=\"_wpcf7_unit_tag\" value=\"wpcf7-f82-o1\" \/>\n<input type=\"hidden\" name=\"_wpcf7_container_post\" value=\"0\" \/>\n<input type=\"hidden\" name=\"_wpcf7_posted_data_hash\" value=\"\" \/>\n<\/div>\n<p><label> Seu nome (obrigat\u00f3rio)<br \/>\n<span class=\"wpcf7-form-control-wrap\" data-name=\"your-name\"><input size=\"40\" class=\"wpcf7-form-control wpcf7-text wpcf7-validates-as-required form-control\" aria-required=\"true\" aria-invalid=\"false\" value=\"\" type=\"text\" name=\"your-name\" \/><\/span> <\/label>\n<\/p>\n<p><label> Seu e-mail (obrigat\u00f3rio)<br \/>\n<span class=\"wpcf7-form-control-wrap\" data-name=\"your-email\"><input size=\"40\" class=\"wpcf7-form-control wpcf7-email wpcf7-validates-as-required wpcf7-text wpcf7-validates-as-email form-control\" aria-required=\"true\" aria-invalid=\"false\" value=\"\" type=\"email\" name=\"your-email\" \/><\/span> <\/label>\n<\/p>\n<p><label> Seu telefone (obrigat\u00f3rio)<br \/>\n<span class=\"wpcf7-form-control-wrap\" data-name=\"your-telefone\"><input size=\"40\" class=\"wpcf7-form-control wpcf7-tel wpcf7-validates-as-required wpcf7-text wpcf7-validates-as-tel form-control\" id=\"telefone\" aria-required=\"true\" aria-invalid=\"false\" value=\"\" type=\"tel\" name=\"your-telefone\" \/><\/span> <\/label>\n<\/p>\n<p><label> Seu Whatsapp<br \/>\n<span class=\"wpcf7-form-control-wrap\" data-name=\"your-whatsapp\"><input size=\"40\" class=\"wpcf7-form-control wpcf7-tel wpcf7-text wpcf7-validates-as-tel form-control\" id=\"whatsapp\" aria-invalid=\"false\" value=\"\" type=\"tel\" name=\"your-whatsapp\" \/><\/span><\/label>\n<\/p>\n<p><label> Seu Website<br \/>\n<span class=\"wpcf7-form-control-wrap\" data-name=\"url\"><input size=\"40\" class=\"wpcf7-form-control wpcf7-url wpcf7-text wpcf7-validates-as-url form-control\" aria-invalid=\"false\" value=\"\" type=\"url\" name=\"url\" \/><\/span> <\/label>\n<\/p>\n<p><label> Fa\u00e7a sua cota\u00e7\u00e3o<br \/>\n<span class=\"wpcf7-form-control-wrap\" data-name=\"your-message\"><textarea cols=\"40\" rows=\"10\" class=\"wpcf7-form-control wpcf7-textarea\" aria-invalid=\"false\" name=\"your-message\"><\/textarea><\/span> <\/label>\n<\/p>\n<p>[recaptcha]\n<\/p>\n<p><input class=\"wpcf7-form-control wpcf7-submit has-spinner\" type=\"submit\" value=\"Enviar\" \/>\n<\/p><div class=\"wpcf7-response-output\" aria-hidden=\"true\"><\/div>\n<\/form>\n<\/div>\n<\/div>\n<\/div>\n<\/div>\n<hr \/>\n<div class=\"well\">\n<p><!-- Begin MailChimp Signup Form -->\n<link href=\"\/\/cdn-images.mailchimp.com\/embedcode\/classic-10_7.css\" rel=\"stylesheet\" type=\"text\/css\">\n<style type=\"text\/css\">\n\t#mc_embed_signup{background:#fff; clear:left; font:14px Helvetica,Arial,sans-serif; }\n\t\/* Add your own MailChimp form style overrides in your site stylesheet or in this style block.\n\t   We recommend moving this block and the preceding CSS link to the HEAD of your HTML file. *\/\n<\/style>\n<div id=\"mc_embed_signup\">\n<form action=\"https:\/\/agenciamarketingdigital.us17.list-manage.com\/subscribe\/post?u=3b9f2a3bf6c793edf5da9e0a5&amp;id=25f10d4727\" method=\"post\" id=\"mc-embedded-subscribe-form\" name=\"mc-embedded-subscribe-form\" class=\"validate\" target=\"_blank\" novalidate>\n<div id=\"mc_embed_signup_scroll\">\n<h2>Cadastre-se e receba nossos informativos:<\/h2>\n<div class=\"indicates-required\"><span class=\"asterisk\">*<\/span> indicates required<\/div>\n<div class=\"mc-field-group\">\n\t<label for=\"mce-EMAIL\">Email:  <span class=\"asterisk\">*<\/span><br \/>\n<\/label><br \/>\n\t<input type=\"email\" value=\"\" name=\"EMAIL\" class=\"required email\" id=\"mce-EMAIL\">\n<\/div>\n<div class=\"mc-field-group\">\n\t<label for=\"mce-FNAME\">Nome: <\/label><br \/>\n\t<input type=\"text\" value=\"\" name=\"FNAME\" class=\"\" id=\"mce-FNAME\">\n<\/div>\n<div id=\"mce-responses\" class=\"clear\">\n<div class=\"response\" id=\"mce-error-response\" style=\"display:none\"><\/div>\n<div class=\"response\" id=\"mce-success-response\" style=\"display:none\"><\/div>\n<\/p><\/div>\n<p>    <!-- real people should not fill this in and expect good things - do not remove this or risk form bot signups--><\/p>\n<div style=\"position: absolute; left: -5000px;\" aria-hidden=\"true\"><input type=\"text\" name=\"b_3b9f2a3bf6c793edf5da9e0a5_25f10d4727\" tabindex=\"-1\" value=\"\"><\/div>\n<div class=\"clear\"><input type=\"submit\" value=\"Subscribe\" name=\"subscribe\" id=\"mc-embedded-subscribe\" class=\"button\"><\/div>\n<\/p><\/div>\n<\/form>\n<\/div>\n<p><!--End mc_embed_signup--><\/p>\n<\/div>\n","protected":false},"excerpt":{"rendered":"<div class=\"slide-text-bg2\"><span>Nicho de Mercado Analise do seu nicho de mercado, checar como a sua concorr\u00eancia se comporta e como atrav\u00e9s dos Links Patrocinados atingir a meta de aume<\/span><\/div>\n<div class=\"slide-btn-area-sm\"><a href=\"https:\/\/agenciamarketingdigital.net.br\/ecommerce\/o-passo-a-passo-da-sua-campanha-nos-links-patrocinados-adwords\/\" class=\"slide-btn-sm\">Ler mais<\/a><\/div>\n","protected":false},"author":1,"featured_media":0,"parent":0,"menu_order":0,"comment_status":"closed","ping_status":"closed","template":"fullwidth.php","meta":{"footnotes":""},"class_list":["post-424","page","type-page","status-publish","hentry"],"_links":{"self":[{"href":"https:\/\/agenciamarketingdigital.net.br\/ecommerce\/wp-json\/wp\/v2\/pages\/424","targetHints":{"allow":["GET"]}}],"collection":[{"href":"https:\/\/agenciamarketingdigital.net.br\/ecommerce\/wp-json\/wp\/v2\/pages"}],"about":[{"href":"https:\/\/agenciamarketingdigital.net.br\/ecommerce\/wp-json\/wp\/v2\/types\/page"}],"author":[{"embeddable":true,"href":"https:\/\/agenciamarketingdigital.net.br\/ecommerce\/wp-json\/wp\/v2\/users\/1"}],"replies":[{"embeddable":true,"href":"https:\/\/agenciamarketingdigital.net.br\/ecommerce\/wp-json\/wp\/v2\/comments?post=424"}],"version-history":[{"count":31,"href":"https:\/\/agenciamarketingdigital.net.br\/ecommerce\/wp-json\/wp\/v2\/pages\/424\/revisions"}],"predecessor-version":[{"id":551,"href":"https:\/\/agenciamarketingdigital.net.br\/ecommerce\/wp-json\/wp\/v2\/pages\/424\/revisions\/551"}],"wp:attachment":[{"href":"https:\/\/agenciamarketingdigital.net.br\/ecommerce\/wp-json\/wp\/v2\/media?parent=424"}],"curies":[{"name":"wp","href":"https:\/\/api.w.org\/{rel}","templated":true}]}}