{"id":20,"date":"2017-07-01T19:33:53","date_gmt":"2017-07-01T22:33:53","guid":{"rendered":"https:\/\/agenciamarketingdigital.net.br\/ecommerce\/?page_id=20"},"modified":"2018-01-17T10:09:12","modified_gmt":"2018-01-17T12:09:12","slug":"e-commerce","status":"publish","type":"page","link":"https:\/\/agenciamarketingdigital.net.br\/ecommerce\/e-commerce\/","title":{"rendered":"E-commerce"},"content":{"rendered":"<div class=\"jumbotron\">\n<div class=\"container\">\n<h1><strong>Loja Virtual com WooCommerce<\/strong><\/h1>\n<h3><strong>Crie seu e-commerce com o plugin mais popular do mundo!<\/strong><\/h3>\n<p>Flex\u00edvel, intuitivo e robusto, o WooCommerce \u00e9 a melhor solu\u00e7\u00e3o para sua loja online. Criamos a sua loja virtual WooCommerce com todos os recursos e customiza\u00e7\u00f5es para deixar seu e-commerce com a identidade de seu neg\u00f3cio.<\/p>\n<\/div>\n<\/div>\n<h2 style=\"text-align: center;\"><strong>O WooCommerce \u00e9 intuitivo!<\/strong><\/h2>\n<h4 style=\"text-align: center;\">Isto significa\u00a0menos trabalho para voc\u00ea. Confira como:<\/h4>\n<hr \/>\n<div class=\"row\">\n<div class=\"col-xs-12 col-md-4\">\n<h4><strong>Visualize a rela\u00e7\u00e3o de produtos com detalhes<\/strong><\/h4>\n<p>Com o WooCommerce voc\u00ea tem a vis\u00e3o geral ou segmentada dos produtos cadastrados.<br \/>\nConsegue organizar os produtos em categorias e subcategorias; configurar o controle de estoque para cada varia\u00e7\u00e3o definida, habilitar e desabilitar o recurso de avalia\u00e7\u00f5es do produto com modera\u00e7\u00e3o e muito mais.<\/p>\n<\/div>\n<div class=\"col-xs-12 col-md-8\"><img loading=\"lazy\" decoding=\"async\" class=\"alignnone size-full wp-image-223\" src=\"https:\/\/agenciamarketingdigital.net.br\/ecommerce\/wp-content\/uploads\/2017\/07\/relacao-produtos-woocommerce.jpg\" alt=\"\" width=\"665\" height=\"398\" srcset=\"https:\/\/agenciamarketingdigital.net.br\/ecommerce\/wp-content\/uploads\/2017\/07\/relacao-produtos-woocommerce.jpg 665w, https:\/\/agenciamarketingdigital.net.br\/ecommerce\/wp-content\/uploads\/2017\/07\/relacao-produtos-woocommerce-300x180.jpg 300w\" sizes=\"auto, (max-width: 665px) 100vw, 665px\" \/><\/div>\n<\/div>\n<p><!-- \/.row --><\/p>\n<hr \/>\n<div class=\"row\">\n<div class=\"col-xs-12 col-md-4\">\n<h3>Edite informa\u00e7\u00f5es de cada produto<\/h3>\n<p>Voc\u00ea pode editar informa\u00e7\u00f5es como:<\/p>\n<ul>\n<li>Categorias e subcategorias<\/li>\n<li>Fotos<\/li>\n<li>Descritivo<\/li>\n<li>Pre\u00e7os<\/li>\n<li>Produtos relacionados<\/li>\n<li>Cor<\/li>\n<li>Modelo<\/li>\n<li>Tipo<\/li>\n<\/ul>\n<\/div>\n<div class=\"col-xs-12 col-md-8\"><img loading=\"lazy\" decoding=\"async\" class=\"alignnone size-full wp-image-237\" src=\"https:\/\/agenciamarketingdigital.net.br\/ecommerce\/wp-content\/uploads\/2017\/07\/editar-produtos-woocommerce-1.jpg\" alt=\"\" width=\"665\" height=\"402\" srcset=\"https:\/\/agenciamarketingdigital.net.br\/ecommerce\/wp-content\/uploads\/2017\/07\/editar-produtos-woocommerce-1.jpg 665w, https:\/\/agenciamarketingdigital.net.br\/ecommerce\/wp-content\/uploads\/2017\/07\/editar-produtos-woocommerce-1-300x181.jpg 300w\" sizes=\"auto, (max-width: 665px) 100vw, 665px\" \/><\/div>\n<\/div>\n<p><!-- \/.row --><\/p>\n<hr \/>\n<div class=\"row\">\n<div class=\"col-xs-12 col-md-4\">\n<h3>Relat\u00f3rios de vendas, produtos, clientes<\/h3>\n<p>O WooCommerce oferece diversos tipos de relat\u00f3rios que ajudam voc\u00ea a entender como seu e-commerce est\u00e1 progredindo. Voc\u00ea tem relat\u00f3rios de:<\/p>\n<ul>\n<li>Vendas por data, produto e categoria<\/li>\n<li>Vendas por cupom de desconto<\/li>\n<li>Relat\u00f3rio de clientes<\/li>\n<li>Relat\u00f3rio de estoques dos produtos<\/li>\n<li>Integra\u00e7\u00e3o com Google Analytics para estat\u00edsticas de acesso<\/li>\n<\/ul>\n<\/div>\n<div class=\"col-xs-12 col-md-8\"><img loading=\"lazy\" decoding=\"async\" class=\"alignnone size-full wp-image-241\" src=\"https:\/\/agenciamarketingdigital.net.br\/ecommerce\/wp-content\/uploads\/2017\/07\/relatorios-woocommerce.jpg\" alt=\"\" width=\"665\" height=\"401\" srcset=\"https:\/\/agenciamarketingdigital.net.br\/ecommerce\/wp-content\/uploads\/2017\/07\/relatorios-woocommerce.jpg 665w, https:\/\/agenciamarketingdigital.net.br\/ecommerce\/wp-content\/uploads\/2017\/07\/relatorios-woocommerce-300x181.jpg 300w\" sizes=\"auto, (max-width: 665px) 100vw, 665px\" \/><\/div>\n<\/div>\n<p><!-- \/.row --><\/p>\n<hr \/>\n<div class=\"jumbotron\">\n<div class=\"container\">\n<h2 style=\"text-align: center;\"><strong>Configure quantas formas de pagamento desejar<\/strong><\/h2>\n<p style=\"text-align: center;\">Al\u00e9m das formas tradicionais de pagamento, como:\u00a0transfer\u00eancia banc\u00e1ria, dep\u00f3sito ou boleto, com o WooCommerce voc\u00ea pode configurar intermediadores de pagamento ou gateways:<\/p>\n<ul class=\"nav nav-tabs\">\n<li><a href=\"#\"><img loading=\"lazy\" decoding=\"async\" class=\"alignnone size-full wp-image-254\" src=\"https:\/\/agenciamarketingdigital.net.br\/ecommerce\/wp-content\/uploads\/2017\/07\/pag-seguro.png\" alt=\"\" width=\"150\" height=\"40\" \/><\/a><\/li>\n<li><a href=\"#\"><img loading=\"lazy\" decoding=\"async\" class=\"alignnone size-full wp-image-255\" src=\"https:\/\/agenciamarketingdigital.net.br\/ecommerce\/wp-content\/uploads\/2017\/07\/Pay-Pal.png\" alt=\"\" width=\"145\" height=\"40\" \/><\/a><\/li>\n<li><a href=\"#\"><img loading=\"lazy\" decoding=\"async\" class=\"alignnone size-full wp-image-256\" src=\"https:\/\/agenciamarketingdigital.net.br\/ecommerce\/wp-content\/uploads\/2017\/07\/mercado-pago.png\" alt=\"\" width=\"160\" height=\"44\" \/><\/a><\/li>\n<li><a href=\"#\"><img loading=\"lazy\" decoding=\"async\" class=\"alignnone size-full wp-image-257\" src=\"https:\/\/agenciamarketingdigital.net.br\/ecommerce\/wp-content\/uploads\/2017\/07\/pagar-me.png\" alt=\"\" width=\"150\" height=\"39\" \/><\/a><\/li>\n<li><a href=\"#\"><img loading=\"lazy\" decoding=\"async\" class=\"alignnone size-full wp-image-258\" src=\"https:\/\/agenciamarketingdigital.net.br\/ecommerce\/wp-content\/uploads\/2017\/07\/moip.png\" alt=\"\" width=\"105\" height=\"44\" \/><\/a><\/li>\n<\/ul>\n<\/div>\n<\/div>\n<h2 style=\"text-align: center;\"><strong>Confira outras vantagens do WooCommerce para sua loja virtual:<\/strong><\/h2>\n<hr \/>\n<div class=\"row\">\n<div class=\"col-xs-12 col-md-2\"><img loading=\"lazy\" decoding=\"async\" class=\"alignnone size-full wp-image-278\" src=\"https:\/\/agenciamarketingdigital.net.br\/ecommerce\/wp-content\/uploads\/2017\/07\/paginas-institucionais-e-blog.png\" alt=\"\" width=\"100\" height=\"100\" \/><\/div>\n<div class=\"col-xs-12 col-md-10\">\n<h3>P\u00e1ginas institucionais e blog<\/h3>\n<ul>\n<li>Voc\u00ea pode editar as p\u00e1ginas de texto do site, bem como ter um blog integrado \u00e0 mesma plataforma.<\/li>\n<li>Tamb\u00e9m pode criar quantas p\u00e1ginas achar necess\u00e1rio e pertinente ao seu produto ou servi\u00e7o.<\/li>\n<li>Entre as p\u00e1ginas mais indicadas est\u00e3o: Sobre a empresa, FAQ (perguntas e respostas frequentes), pol\u00edtica de troca e devolu\u00e7\u00e3o, portf\u00f3lio.<\/li>\n<\/ul>\n<\/div>\n<\/div>\n<p><!-- \/.row --><\/p>\n<hr \/>\n<div class=\"row\">\n<div class=\"col-xs-12 col-md-2\"><img loading=\"lazy\" decoding=\"async\" class=\"alignnone size-full wp-image-281\" src=\"https:\/\/agenciamarketingdigital.net.br\/ecommerce\/wp-content\/uploads\/2017\/07\/banners.png\" alt=\"\" width=\"100\" height=\"100\" \/><\/div>\n<div class=\"col-xs-12 col-md-10\">\n<h3>Banners<\/h3>\n<p>De acordo com o layout definido para seu e-commerce, voc\u00ea ter\u00e1 acesso para criar e gerenciar facilmente os banners de ofertas e lan\u00e7amentos em toda loja.<\/p>\n<\/div>\n<\/div>\n<hr \/>\n<div class=\"row\">\n<div class=\"col-xs-12 col-md-2\"><img loading=\"lazy\" decoding=\"async\" class=\"alignnone size-full wp-image-320\" src=\"https:\/\/agenciamarketingdigital.net.br\/ecommerce\/wp-content\/uploads\/2017\/07\/facilidade-cliente.png\" alt=\"\" width=\"100\" height=\"100\" \/><\/div>\n<div class=\"col-xs-12 col-md-10\">\n<h3>Facilidades para o cliente<\/h3>\n<ul>\n<li>Sistema de chat online<\/li>\n<li>Painel do usu\u00e1rio para atualizar dados cadastrais e endere\u00e7os<\/li>\n<li>Acompanhamento dos pedidos com status atualizado atrav\u00e9s do painel e alertas de e-mail<\/li>\n<\/ul>\n<\/div>\n<\/div>\n<hr \/>\n<div class=\"row\">\n<div class=\"col-xs-12 col-md-2\"><img loading=\"lazy\" decoding=\"async\" class=\"alignnone size-full wp-image-306\" src=\"https:\/\/agenciamarketingdigital.net.br\/ecommerce\/wp-content\/uploads\/2017\/07\/frete.png\" alt=\"\" width=\"100\" height=\"100\" \/><\/div>\n<div class=\"col-xs-12 col-md-10\">\n<h3>Op\u00e7\u00f5es de Envio<\/h3>\n<ul>\n<li>Possibilidade de frete gr\u00e1tis e frete com valor fixo<\/li>\n<li>Correios \u2013 c\u00e1lculo autom\u00e1tico de Sedex e PAC<\/li>\n<li>ransportadoras: permite integra\u00e7\u00e3o com outras solu\u00e7\u00f5es com\u00a0frete calculado de acordo com a transportadora<\/li>\n<\/ul>\n<\/div>\n<\/div>\n<hr \/>\n<div class=\"row\">\n<div class=\"col-xs-12 col-md-2\"><img loading=\"lazy\" decoding=\"async\" class=\"alignnone size-full wp-image-272\" src=\"https:\/\/agenciamarketingdigital.net.br\/ecommerce\/wp-content\/uploads\/2017\/07\/cupons-desconto.png\" alt=\"\" width=\"100\" height=\"100\" \/><\/div>\n<div class=\"col-xs-12 col-md-10\">\n<h3>Cupons de desconto<\/h3>\n<p>Voc\u00ea pode criar cupons de desconto conforme as seguintes regras:<\/p>\n<ul>\n<li>Desconto por valor total da compra podendo ser o desconto em valor ou porcentagem<\/li>\n<li>Desconto por valor do produto podendo ser o desconto em valor ou porcentagem<\/li>\n<li>Cupom de frete gr\u00e1tis<\/li>\n<li>Data para expira\u00e7\u00e3o e ou limite m\u00e1ximo de uso do cupom<\/li>\n<li>Cupom com valor m\u00ednimo de compra<\/li>\n<\/ul>\n<\/div>\n<\/div>\n<hr \/>\n<div class=\"row\">\n<div class=\"col-xs-12 col-md-2\"><img loading=\"lazy\" decoding=\"async\" class=\"alignnone size-full wp-image-324\" src=\"https:\/\/agenciamarketingdigital.net.br\/ecommerce\/wp-content\/uploads\/2017\/07\/niveis-usuarios-1.png\" alt=\"\" width=\"100\" height=\"100\" \/><\/div>\n<div class=\"col-xs-12 col-md-10\">\n<h3>N\u00edveis de usu\u00e1rio para acesso ao painel de administra\u00e7\u00e3o<\/h3>\n<p>Os n\u00edveis de usu\u00e1rios para acesso ao painel de administra\u00e7\u00e3o da loja virtual podem ser configurados com diferentes perfis segundo o n\u00edvel de acesso desejado para cada um.<\/p>\n<p>Assim voc\u00ea pode permitir os acessos para outras pessoas no gerenciamento de sua loja:<\/p>\n<ul>\n<li>Super editor: acesso total na loja e site<\/li>\n<li>Gerente da loja: acesso total na loja<\/li>\n<li>Customer (cliente): este \u00e9 o usu\u00e1rio que corresponde ao cliente da loja. Ele n\u00e3o ter\u00e1 acesso a \u00e1rea administrativa do site, apenas ao frontend<\/li>\n<li>Usu\u00e1rios sob demanda: poder\u00e3o ser criados outros n\u00edveis diferentes de usu\u00e1rios, os quais poder\u00e3o ter acesso \u00e0 se\u00e7\u00f5es espec\u00edficas do site, ex.: apenas acesso aos pedidos.<\/li>\n<\/ul>\n<\/div>\n<\/div>\n<hr \/>\n<div class=\"row\">\n<div class=\"col-xs-12 col-md-2\"><img loading=\"lazy\" decoding=\"async\" src=\"https:\/\/agenciamarketingdigital.net.br\/ecommerce\/wp-content\/uploads\/2017\/07\/integracoes-com-sistemas-terceiros.png\" alt=\"\" width=\"100\" height=\"100\" class=\"alignnone size-full wp-image-327\" \/><\/div>\n<div class=\"col-xs-12 col-md-10\">\n<h3>Integra\u00e7\u00f5es com Sistemas de Terceiros<\/h3>\n<p>\u00c9 poss\u00edvel a implementa\u00e7\u00e3o de integra\u00e7\u00f5es sob demanda com sistemas de ERP, CRM e outros j\u00e1 utilizados pela empresa.<\/p>\n<\/div>\n<\/div>\n<hr \/>\n<div class=\"jumbotron\">\n<div class=\"container\">\n<h2 style=\"text-align: center;\"><strong>Conhe\u00e7a as vantagens de uma Loja Virtual WooCommerce<\/strong><\/h2>\n<div class=\"row\">\n<div class=\"col-xs-12 col-md-9\">\n<ul>\n<li>\n<h4>Sistema de c\u00f3digo aberto \u2013 <em>Open Source<\/em><\/h4>\n<\/li>\n<li>\n<h4>Produtos, visitas e vendas ilimitadas<\/h4>\n<\/li>\n<li>\n<h4>Sem custo de licen\u00e7a e sem custo de assinatura mensal<\/h4>\n<\/li>\n<li>\n<h4>Liberdade para inclus\u00e3o de novos recursos e funcionalidades<\/h4>\n<\/li>\n<li>\n<h4>Plugins gr\u00e1tis e pagos (com custo baixo para compra)<\/h4>\n<\/li>\n<li>\n<h4>Controle e propriedade<\/h4>\n<\/li>\n<li>\n<h4>Plataforma \u00fanica que comporta loja virtual, site institucional e blog<\/h4>\n<\/li>\n<li>\n<h4>Navega\u00e7\u00e3o intuitiva<\/h4>\n<\/li>\n<li>\n<h4>Responsivo: para que seus clientes comprem tamb\u00e9m atrav\u00e9s de celulares e tablets<\/h4>\n<\/li>\n<\/ul>\n<\/div>\n<div class=\"col-xs-12 col-md-3\"><img loading=\"lazy\" decoding=\"async\" class=\"alignnone size-full wp-image-296\" src=\"https:\/\/agenciamarketingdigital.net.br\/ecommerce\/wp-content\/uploads\/2017\/07\/iPhone.png\" alt=\"\" width=\"485\" height=\"1014\" srcset=\"https:\/\/agenciamarketingdigital.net.br\/ecommerce\/wp-content\/uploads\/2017\/07\/iPhone.png 485w, https:\/\/agenciamarketingdigital.net.br\/ecommerce\/wp-content\/uploads\/2017\/07\/iPhone-143x300.png 143w\" sizes=\"auto, (max-width: 485px) 100vw, 485px\" \/><\/div>\n<\/div>\n<\/div>\n<\/div>\n<div class=\"well\">\n<h3><strong>Por que criar uma loja virtual com WooCommerce?<\/strong><\/h3>\n<h4>Sucesso. Praticidade. Facilidade. Sem limita\u00e7\u00f5es.<\/h4>\n<p>Se voc\u00ea deseja que seu neg\u00f3cio virtual seja bem-sucedido, seja pr\u00e1tico e intuitivo de gerenciar e ofere\u00e7a recursos e fun\u00e7\u00f5es ilimitadas, o WooCommerce \u00e9 a melhor solu\u00e7\u00e3o para seu e-commerce.<\/p>\n<p>O WooCommerce \u00e9 um plugin robusto do WordPress que permite uma implanta\u00e7\u00e3o totalmente customizada baseada em uma plataforma com muitos recursos para agilizar seu neg\u00f3cio online de maneira eficiente e econ\u00f4mica.<\/p>\n<hr \/>\n<h3><strong>Que tipo de produtos e servi\u00e7os voc\u00ea pode vender no WooCommerce?<\/strong><\/h3>\n<h4>Voc\u00ea pode vender qualquer tipo de produto ou servi\u00e7o com uma loja virtual WooCommerce.<\/h4>\n<p>Isso mesmo! N\u00e3o estamos exagerando. A flexibilidade e as extens\u00f5es dispon\u00edveis permitem a venda de qualquer tipo de produto ou servi\u00e7o. Voc\u00ea pode criar:<\/p>\n<hr \/>\n<h3><strong>Loja virtual para produtos e servi\u00e7os<\/strong><\/h3>\n<p>Venda de vestu\u00e1rio, artigos de papelaria, materiais de limpeza, produtos industriais, itens de decora\u00e7\u00e3o, mob\u00edlia, artesanato, livros, produtos customizados e muito mais! Pense: tudo que \u00e9 poss\u00edvel vender de produto f\u00edsico ou digital, o WooCommerce suporta.<\/p>\n<hr \/>\n<h3><strong>Plataforma de e-learning<\/strong><\/h3>\n<p>Produza e venda cursos online com WooCommerce. Comercialize seu conhecimento. Voc\u00ea pode usar o plugin como uma plataforma de aprendizado.<\/p>\n<hr \/>\n<h3><strong>Market Place<\/strong><\/h3>\n<p>O WooCommerce \u00e9 robusto o suficiente para cria\u00e7\u00e3o de market place. Voc\u00ea pode vender seu espa\u00e7o e possibilitar que muitas lojas virtuais vendam os produtos mais diversos.<\/p>\n<hr \/>\n<h3><strong>Plano de assinatura<\/strong><\/h3>\n<p>O WooCommerce tamb\u00e9m permite que voc\u00ea venda assinaturas de produtos ou servi\u00e7os. Voc\u00ea pode cobrar uma mensalidade para que conte\u00fados\/produtos sejam disponibilizados aos seus clientes periodicamente.<\/p>\n<hr \/>\n<h3><strong>A quantidade de produtos que voc\u00ea pode vender tamb\u00e9m \u00e9 ilimitada<\/strong><\/h3>\n<p>Uma loja virtual WooCommerce \u00e9 escalon\u00e1vel. Assim que seu neg\u00f3cio cresce, sua loja tamb\u00e9m. N\u00e3o h\u00e1 limites para a inser\u00e7\u00e3o de produtos em sua loja online.<\/p>\n<hr \/>\n<h3><strong>Quanto custa abrir um e-commerce desenvolvido com WooCommerce?<\/strong><\/h3>\n<h4>Para ter uma loja online com WooCommerce voc\u00ea ter\u00e1 custos. N\u00f3s explicamos!<\/h4>\n<p>O WooCommerce \u00e9 um plugin gratuito e de c\u00f3digo aberto. O uso dele \u00e9 livre. Voc\u00ea tem total propriedade sobre o que voc\u00ea criar.<\/p>\n<p>Para a constru\u00e7\u00e3o do seu e-commerce voc\u00ea ter\u00e1 alguns investimentos. Quais s\u00e3o eles?<\/p>\n<ul>\n<li>Temas e plugins<\/li>\n<li>Hospedagem e dom\u00ednio<\/li>\n<li>Gateway de pagamento<\/li>\n<li>Envio de produtos<\/li>\n<\/ul>\n<p>Dependendo da necessidade de conhecimento t\u00e9cnico para implementar recursos espec\u00edficos, voc\u00ea tamb\u00e9m ter\u00e1 investimento com a contrata\u00e7\u00e3o de um especialista em WordPress.<\/p>\n<\/div>\n<hr \/>\n<div class=\"row\">\n<div class=\"col-xs-12 col-md-6\">\n<h3>Solicite um Or\u00e7amento para desenvolvimento de sua Loja Virtual com WooCommerce  ou entre em contato atrav\u00e9s do <img decoding=\"async\" src=\"https:\/\/agenciamarketingdigital.net.br\/ecommerce\/images\/whatsapp.png\"\/> (11) 98319-9056:<\/h3>\n<p><img loading=\"lazy\" decoding=\"async\" src=\"https:\/\/agenciamarketingdigital.net.br\/ecommerce\/wp-content\/uploads\/2017\/07\/woocommerce-img.png\" alt=\"\" width=\"350\" height=\"350\" class=\"alignnone size-full wp-image-372\" srcset=\"https:\/\/agenciamarketingdigital.net.br\/ecommerce\/wp-content\/uploads\/2017\/07\/woocommerce-img.png 350w, https:\/\/agenciamarketingdigital.net.br\/ecommerce\/wp-content\/uploads\/2017\/07\/woocommerce-img-150x150.png 150w, https:\/\/agenciamarketingdigital.net.br\/ecommerce\/wp-content\/uploads\/2017\/07\/woocommerce-img-300x300.png 300w\" sizes=\"auto, (max-width: 350px) 100vw, 350px\" \/><\/p>\n<\/div>\n<div class=\"col-xs-12 col-md-6\">\n<div class=\"well\">\n\n<div class=\"wpcf7 no-js\" id=\"wpcf7-f82-o1\" lang=\"pt-BR\" dir=\"ltr\">\n<div class=\"screen-reader-response\"><p role=\"status\" aria-live=\"polite\" aria-atomic=\"true\"><\/p> <ul><\/ul><\/div>\n<form action=\"\/ecommerce\/wp-json\/wp\/v2\/pages\/20#wpcf7-f82-o1\" method=\"post\" class=\"wpcf7-form init\" aria-label=\"Formul\u00e1rios de contato\" novalidate=\"novalidate\" data-status=\"init\">\n<div style=\"display: none;\">\n<input type=\"hidden\" name=\"_wpcf7\" value=\"82\" \/>\n<input type=\"hidden\" name=\"_wpcf7_version\" value=\"5.9.5\" \/>\n<input type=\"hidden\" name=\"_wpcf7_locale\" value=\"pt_BR\" \/>\n<input type=\"hidden\" name=\"_wpcf7_unit_tag\" value=\"wpcf7-f82-o1\" \/>\n<input type=\"hidden\" name=\"_wpcf7_container_post\" value=\"0\" \/>\n<input type=\"hidden\" name=\"_wpcf7_posted_data_hash\" value=\"\" \/>\n<\/div>\n<p><label> Seu nome (obrigat\u00f3rio)<br \/>\n<span class=\"wpcf7-form-control-wrap\" data-name=\"your-name\"><input size=\"40\" class=\"wpcf7-form-control wpcf7-text wpcf7-validates-as-required form-control\" aria-required=\"true\" aria-invalid=\"false\" value=\"\" type=\"text\" name=\"your-name\" \/><\/span> <\/label>\n<\/p>\n<p><label> Seu e-mail (obrigat\u00f3rio)<br \/>\n<span class=\"wpcf7-form-control-wrap\" data-name=\"your-email\"><input size=\"40\" class=\"wpcf7-form-control wpcf7-email wpcf7-validates-as-required wpcf7-text wpcf7-validates-as-email form-control\" aria-required=\"true\" aria-invalid=\"false\" value=\"\" type=\"email\" name=\"your-email\" \/><\/span> <\/label>\n<\/p>\n<p><label> Seu telefone (obrigat\u00f3rio)<br \/>\n<span class=\"wpcf7-form-control-wrap\" data-name=\"your-telefone\"><input size=\"40\" class=\"wpcf7-form-control wpcf7-tel wpcf7-validates-as-required wpcf7-text wpcf7-validates-as-tel form-control\" id=\"telefone\" aria-required=\"true\" aria-invalid=\"false\" value=\"\" type=\"tel\" name=\"your-telefone\" \/><\/span> <\/label>\n<\/p>\n<p><label> Seu Whatsapp<br \/>\n<span class=\"wpcf7-form-control-wrap\" data-name=\"your-whatsapp\"><input size=\"40\" class=\"wpcf7-form-control wpcf7-tel wpcf7-text wpcf7-validates-as-tel form-control\" id=\"whatsapp\" aria-invalid=\"false\" value=\"\" type=\"tel\" name=\"your-whatsapp\" \/><\/span><\/label>\n<\/p>\n<p><label> Seu Website<br \/>\n<span class=\"wpcf7-form-control-wrap\" data-name=\"url\"><input size=\"40\" class=\"wpcf7-form-control wpcf7-url wpcf7-text wpcf7-validates-as-url form-control\" aria-invalid=\"false\" value=\"\" type=\"url\" name=\"url\" \/><\/span> <\/label>\n<\/p>\n<p><label> Fa\u00e7a sua cota\u00e7\u00e3o<br \/>\n<span class=\"wpcf7-form-control-wrap\" data-name=\"your-message\"><textarea cols=\"40\" rows=\"10\" class=\"wpcf7-form-control wpcf7-textarea\" aria-invalid=\"false\" name=\"your-message\"><\/textarea><\/span> <\/label>\n<\/p>\n<p>[recaptcha]\n<\/p>\n<p><input class=\"wpcf7-form-control wpcf7-submit has-spinner\" type=\"submit\" value=\"Enviar\" \/>\n<\/p><div class=\"wpcf7-response-output\" aria-hidden=\"true\"><\/div>\n<\/form>\n<\/div>\n<\/div>\n<\/div>\n<\/div>\n<hr \/>\n<div class=\"well\">\n<!-- Begin MailChimp Signup Form -->\n<link href=\"\/\/cdn-images.mailchimp.com\/embedcode\/classic-10_7.css\" rel=\"stylesheet\" type=\"text\/css\">\n<style type=\"text\/css\">\n\t#mc_embed_signup{background:#fff; clear:left; font:14px Helvetica,Arial,sans-serif; }\n\t\/* Add your own MailChimp form style overrides in your site stylesheet or in this style block.\n\t   We recommend moving this block and the preceding CSS link to the HEAD of your HTML file. *\/\n<\/style>\n<div id=\"mc_embed_signup\">\n<form action=\"https:\/\/agenciamarketingdigital.us17.list-manage.com\/subscribe\/post?u=3b9f2a3bf6c793edf5da9e0a5&amp;id=25f10d4727\" method=\"post\" id=\"mc-embedded-subscribe-form\" name=\"mc-embedded-subscribe-form\" class=\"validate\" target=\"_blank\" novalidate>\n<div id=\"mc_embed_signup_scroll\">\n<h2>Cadastre-se e receba nossos informativos:<\/h2>\n<div class=\"indicates-required\"><span class=\"asterisk\">*<\/span> indicates required<\/div>\n<div class=\"mc-field-group\">\n\t<label for=\"mce-EMAIL\">Email:  <span class=\"asterisk\">*<\/span><br \/>\n<\/label><br \/>\n\t<input type=\"email\" value=\"\" name=\"EMAIL\" class=\"required email\" id=\"mce-EMAIL\">\n<\/div>\n<div class=\"mc-field-group\">\n\t<label for=\"mce-FNAME\">Nome: <\/label><br \/>\n\t<input type=\"text\" value=\"\" name=\"FNAME\" class=\"\" id=\"mce-FNAME\">\n<\/div>\n<div id=\"mce-responses\" class=\"clear\">\n<div class=\"response\" id=\"mce-error-response\" style=\"display:none\"><\/div>\n<div class=\"response\" id=\"mce-success-response\" style=\"display:none\"><\/div>\n<\/p><\/div>\n<p>    <!-- real people should not fill this in and expect good things - do not remove this or risk form bot signups--><\/p>\n<div style=\"position: absolute; left: -5000px;\" aria-hidden=\"true\"><input type=\"text\" name=\"b_3b9f2a3bf6c793edf5da9e0a5_25f10d4727\" tabindex=\"-1\" value=\"\"><\/div>\n<div class=\"clear\"><input type=\"submit\" value=\"Subscribe\" name=\"subscribe\" id=\"mc-embedded-subscribe\" class=\"button\"><\/div>\n<\/p><\/div>\n<\/form>\n<\/div>\n<p><script type='text\/javascript' src='\/\/s3.amazonaws.com\/downloads.mailchimp.com\/js\/mc-validate.js'><\/script><script type='text\/javascript'>(function($) {window.fnames = new Array(); window.ftypes = new Array();fnames[0]='EMAIL';ftypes[0]='email';fnames[1]='FNAME';ftypes[1]='text';fnames[2]='LNAME';ftypes[2]='text'; \/**\n * Translated default messages for the $ validation plugin.\n * Locale: PT_PT\n *\/\n$.extend($.validator.messages, {\n\trequired: \"Campo de preenchimento obrigat&oacute;rio.\",\n\tremote: \"Por favor, corrija este campo.\",\n\temail: \"Por favor, introduza um endere&ccedil;o eletr&oacute;nico v&aacute;lido.\",\n\turl: \"Por favor, introduza um URL v&aacute;lido.\",\n\tdate: \"Por favor, introduza uma data v&aacute;lida.\",\n\tdateISO: \"Por favor, introduza uma data v&aacute;lida (ISO).\",\n\tnumber: \"Por favor, introduza um n&uacute;mero v&aacute;lido.\",\n\tdigits: \"Por favor, introduza apenas d&iacute;gitos.\",\n\tcreditcard: \"Por favor, introduza um n&uacute;mero de cart&atilde;o de cr&eacute;dito v&aacute;lido.\",\n\tequalTo: \"Por favor, introduza de novo o mesmo valor.\",\n\taccept: \"Por favor, introduza um ficheiro com uma extens&atilde;o v&aacute;lida.\",\n\tmaxlength: $.validator.format(\"Por favor, n&atilde;o introduza mais do que {0} caracteres.\"),\n\tminlength: $.validator.format(\"Por favor, introduza pelo menos {0} caracteres.\"),\n\trangelength: $.validator.format(\"Por favor, introduza entre {0} e {1} caracteres.\"),\n\trange: $.validator.format(\"Por favor, introduza um valor entre {0} e {1}.\"),\n\tmax: $.validator.format(\"Por favor, introduza um valor menor ou igual a {0}.\"),\n\tmin: $.validator.format(\"Por favor, introduza um valor maior ou igual a {0}.\")\n});}(jQuery));var $mcj = jQuery.noConflict(true);<\/script><br \/>\n<!--End mc_embed_signup-->\n<\/div>\n","protected":false},"excerpt":{"rendered":"<div class=\"slide-text-bg2\"><span>Loja Virtual com WooCommerce Crie seu e-commerce com o plugin mais popular do mundo! Flex\u00edvel, intuitivo e robusto, o WooCommerce \u00e9 a melhor solu\u00e7\u00e3o pa<\/span><\/div>\n<div class=\"slide-btn-area-sm\"><a href=\"https:\/\/agenciamarketingdigital.net.br\/ecommerce\/e-commerce\/\" class=\"slide-btn-sm\">Ler mais<\/a><\/div>\n","protected":false},"author":1,"featured_media":0,"parent":0,"menu_order":0,"comment_status":"closed","ping_status":"closed","template":"fullwidth.php","meta":{"footnotes":""},"class_list":["post-20","page","type-page","status-publish","hentry"],"_links":{"self":[{"href":"https:\/\/agenciamarketingdigital.net.br\/ecommerce\/wp-json\/wp\/v2\/pages\/20","targetHints":{"allow":["GET"]}}],"collection":[{"href":"https:\/\/agenciamarketingdigital.net.br\/ecommerce\/wp-json\/wp\/v2\/pages"}],"about":[{"href":"https:\/\/agenciamarketingdigital.net.br\/ecommerce\/wp-json\/wp\/v2\/types\/page"}],"author":[{"embeddable":true,"href":"https:\/\/agenciamarketingdigital.net.br\/ecommerce\/wp-json\/wp\/v2\/users\/1"}],"replies":[{"embeddable":true,"href":"https:\/\/agenciamarketingdigital.net.br\/ecommerce\/wp-json\/wp\/v2\/comments?post=20"}],"version-history":[{"count":97,"href":"https:\/\/agenciamarketingdigital.net.br\/ecommerce\/wp-json\/wp\/v2\/pages\/20\/revisions"}],"predecessor-version":[{"id":548,"href":"https:\/\/agenciamarketingdigital.net.br\/ecommerce\/wp-json\/wp\/v2\/pages\/20\/revisions\/548"}],"wp:attachment":[{"href":"https:\/\/agenciamarketingdigital.net.br\/ecommerce\/wp-json\/wp\/v2\/media?parent=20"}],"curies":[{"name":"wp","href":"https:\/\/api.w.org\/{rel}","templated":true}]}}